
{"id":407,"date":"2016-03-14T22:53:55","date_gmt":"2016-03-14T22:53:55","guid":{"rendered":"https:\/\/themeperch.net\/bohopeopleblog\/cart\/"},"modified":"2022-11-07T11:35:13","modified_gmt":"2022-11-07T11:35:13","slug":"cart-2","status":"publish","type":"page","link":"https:\/\/letraweb.org\/en\/cart-2\/","title":{"rendered":"Rese\u00f1as"},"content":{"rendered":"<p><a href=\"https:\/\/letraweb.org\/en\/el-angel-perdido-por-javier-sierra\/\">El \u00c1ngel Perdido de Javier Sierra<\/a><\/p>\n\n\n\n<p><a href=\"https:\/\/letraweb.org\/en\/siervos-de-la-guadana-por-victor-morata\/\">Siervos de la Guada\u00f1a de V\u00edctor Morata <\/a><\/p>\n\n\n\n<p><a href=\"https:\/\/letraweb.org\/en\/el-misterio-del-priorato-de-sion-de-jean-michel-thibaux\/\">El Misterio del Priorato de Si\u00f3n de Jean Michel Thibaux<\/a><\/p>\n\n\n\n<p><a href=\"https:\/\/letraweb.org\/en\/los-libres-por-horacio-de-stefano\/\">Los Libres de Horacio De Stefano<\/a> <\/p>\n\n\n\n<p><a href=\"https:\/\/letraweb.org\/en\/habitacion-sin-vistas-de-maribel-romero-finalista-en-la-46a-edicion-del-premio-internacional-de-novela-corta-ciudad-de-barbastro\/\">Habitaci\u00f3n sin vistas de Maribel Romero<\/a> <\/p>\n\n\n\n<p><a href=\"https:\/\/letraweb.org\/en\/en-un-pais-extrano-de-charles-cumming\/\">En un pa\u00eds extra\u00f1o de Charles Cumming<\/a><\/p>\n\n\n\n<p><a href=\"https:\/\/letraweb.org\/en\/el-guardian-entre-el-centeno-de-jerome-david-salinger\/\">El Guardi\u00e1n entre el Centeno de Jerome David Salinger<\/a><\/p>\n\n\n\n<p><a href=\"https:\/\/letraweb.org\/en\/los-hombres-que-no-amaban-a-las-mujeres-de-stieg-larsson\/\">Los hombres que no amaban a las mujeres de Stieg Larsson<\/a><\/p>\n\n\n\n<p><a href=\"https:\/\/letraweb.org\/en\/retrato-de-una-bruja-por-luis-de-castresana\/\">Retrato de una bruja por Luis de Castresana<\/a><\/p>\n\n\n\n<p><a href=\"https:\/\/letraweb.org\/en\/opiniones-de-un-payaso-por-heinrich-theodor-boll\/\">Opiniones de un payaso por Heinrich Theodor B\u00f6ll<\/a><\/p>\n\n\n\n<p><a href=\"https:\/\/letraweb.org\/en\/pajaros-negros-sobre-la-catedral-por-philipp-vandenberg\/\">P\u00e1jaros Negros sobre la Catedral por Philipp Vandenberg<\/a><\/p>\n\n\n\n<p><a href=\"https:\/\/letraweb.org\/en\/el-origen-perdido-por-matilde-asensi\/\">El Origen Perdido por Matilde Asensi<\/a><\/p>\n\n\n\n<p><a href=\"https:\/\/letraweb.org\/en\/materia-extrana-por-juan-jose-gomez-cardenas\/\">Materia Extra\u00f1a por Juan Jos\u00e9 G\u00f3mez C\u00e1rdenas.<\/a><\/p>\n\n\n\n<p><a href=\"https:\/\/letraweb.org\/en\/la-conspiracion-maquiavelo-por-allan-folsom\/\">La Conspiraci\u00f3n Maquiavelo por Allan Folsom<\/a>.<\/p>\n\n\n\n<p><a href=\"https:\/\/letraweb.org\/en\/la-mujer-que-llora-por-zoe-valdes-premio-azorin-del-2013\/\">La mujer que llora por Zo\u00e9 Vald\u00e9s. Premio Azor\u00edn del 2013.<\/a><\/p>\n\n\n\n<p><a href=\"https:\/\/letraweb.org\/en\/sitio-de-silencio-por-a-j-quinnell\/\">Sitio de Silencio por A. J Quinnell<\/a><\/p>\n\n\n\n<p><a href=\"https:\/\/letraweb.org\/en\/la-decima-clave-por-antonia-de-j-corrales\/\">La D\u00e9cima Clave de Antonia de J. Corrales<\/a><\/p>\n\n\n\n<p><a href=\"https:\/\/letraweb.org\/en\/el-sexto-hombre-de-charles-cumming\/\">El sexto hombre de Charles Cumming<\/a><\/p>\n\n\n\n<p><a href=\"https:\/\/letraweb.org\/en\/el-fuego-invisible-de-javier-sierra-premio-planeta-del-2017\/\">El fuego invisible de Javier Sierra<\/a><\/p>\n\n\n\n<p><a href=\"https:\/\/letraweb.org\/en\/el-circulo-matarese-de-robert-ludlum\/\">El C\u00edrculo Matarese de Robert Ludlum<\/a><\/p>\n\n\n\n<p><a href=\"https:\/\/letraweb.org\/en\/lantana-donde-nace-el-instinto-de-dario-vilas\/\">Lantana: Donde nace el instinto de Dar\u00edo Vilas<\/a><\/p>\n\n\n\n<p><a href=\"https:\/\/letraweb.org\/en\/el-viejo-y-el-mar-de-ernest-hemingway\/\">El viejo y el mar de Ernest Hemingway<\/a><\/p>\n\n\n\n<p><a href=\"https:\/\/letraweb.org\/en\/la-lenta-agonia-de-los-peces-de-eric-frattini\/\">La lenta agon\u00eda de los peces de Eric Frattini<\/a><\/p>\n\n\n\n<p><a href=\"https:\/\/letraweb.org\/en\/el-espiritu-del-lince-de-javier-pellicer\/\">El esp\u00edritu del lince de Javier Pellicer<\/a><\/p>\n\n\n\n<p><a href=\"https:\/\/letraweb.org\/en\/los-hijos-de-enoc-de-marta-abello\/\">Los hijos de Enoc de Marta Abell\u00f3<\/a><\/p>\n\n\n\n<p><a href=\"https:\/\/letraweb.org\/en\/desde-portugal-hasta-la-habana-cuba\/\">Temporal de Segio Astorga<\/a><\/p>\n\n\n\n<p><a href=\"https:\/\/letraweb.org\/en\/desde-puerto-rico-hasta-la-habana\/\">Letras para otro insomnio de Luis Cort\u00e9s Collazo<\/a><\/p>\n\n\n\n<p><a href=\"https:\/\/letraweb.org\/en\/el-manuscrito-el-secreto-por-blanca-miosi\/\">El Manuscrito- El secreto de Blanca Miosi<\/a><\/p>\n\n\n\n<p><a href=\"https:\/\/letraweb.org\/en\/letrawebnueva-direccion\/\">Los meses cuentan de Maribel Romero Soler<\/a><\/p>\n\n\n\n<p><a href=\"https:\/\/letraweb.org\/en\/tilak-el-sabio-por-marta-abello\/\">Tilak el sabio de Marta Abell\u00f3<\/a><\/p>\n\n\n\n<p><a href=\"https:\/\/letraweb.org\/en\/universo-magico-por-victor-morata-cortado\/\">Universo M\u00e1gico de V\u00edctor Morata Cortado<\/a><\/p>\n\n\n\n<p><a href=\"https:\/\/letraweb.org\/en\/el-susurro-de-los-arboles-por-maria-dolores-garcia-pastor\/\">El susurro de los \u00e1rboles de Mar\u00eda Dolores Garc\u00eda Pastor.<\/a><\/p>\n\n\n\n<p><a href=\"https:\/\/letraweb.org\/en\/la-casa-de-los-espiritus-por-isabel-allende\/\">La casa de los esp\u00edritus de Isabel Allende<\/a><\/p>\n\n\n\n<p><a href=\"https:\/\/letraweb.org\/en\/yo-fui-un-adolescente-profanador-de-tumbas-stephen-king\/\">Yo fui un adolescente profanador de tumbas de Stephen King<\/a><\/p>\n\n\n\n<p><a href=\"https:\/\/letraweb.org\/en\/como-conservar-la-luz-de-los-dias-perdidos-de-bob-shaw\/\">Luz de otros d\u00edas perdidos de Bob Shaw<\/a><\/p>\n\n\n\n<p><a href=\"https:\/\/letraweb.org\/en\/quien-se-ha-llevado-mi-queso-spencer-johnson\/\">\u00bfQui\u00e9n se ha llevado mi queso? de Spencer Johnson<\/a><\/p>\n\n\n\n<p><a href=\"https:\/\/letraweb.org\/en\/como-evitar-las-preocupaciones-y-disfrutar-de-la-vida-por-dale-carnegie\/\">C\u00f3mo evitar las preocupaciones de Dale Carnegie<\/a><\/p>","protected":false},"excerpt":{"rendered":"<p>El \u00c1ngel Perdido de Javier Sierra Siervos de la Guada\u00f1a de V\u00edctor Morata El Misterio del Priorato de Si\u00f3n de Jean Michel Thibaux Los Libres de Horacio De Stefano Habitaci\u00f3n sin vistas de Maribel Romero En un pa\u00eds extra\u00f1o de Charles Cumming El Guardi\u00e1n entre el Centeno de Jerome David Salinger Los hombres que no<\/p>\n<div class=\"more-link-wrap text-center\"><a href=\"https:\/\/letraweb.org\/en\/cart-2\/\" class=\"more-link btn btn-outline-secondary\">Continuar leyendo<\/a><\/div>","protected":false},"author":1,"featured_media":0,"parent":0,"menu_order":0,"comment_status":"closed","ping_status":"closed","template":"","meta":{"_seopress_robots_primary_cat":"","_seopress_titles_title":"","_seopress_titles_desc":"","_seopress_robots_index":"","iawp_total_views":45,"footnotes":""},"class_list":["post-407","page","type-page","status-publish","hentry"],"_links":{"self":[{"href":"https:\/\/letraweb.org\/en\/wp-json\/wp\/v2\/pages\/407","targetHints":{"allow":["GET"]}}],"collection":[{"href":"https:\/\/letraweb.org\/en\/wp-json\/wp\/v2\/pages"}],"about":[{"href":"https:\/\/letraweb.org\/en\/wp-json\/wp\/v2\/types\/page"}],"author":[{"embeddable":true,"href":"https:\/\/letraweb.org\/en\/wp-json\/wp\/v2\/users\/1"}],"replies":[{"embeddable":true,"href":"https:\/\/letraweb.org\/en\/wp-json\/wp\/v2\/comments?post=407"}],"version-history":[{"count":5,"href":"https:\/\/letraweb.org\/en\/wp-json\/wp\/v2\/pages\/407\/revisions"}],"predecessor-version":[{"id":1365,"href":"https:\/\/letraweb.org\/en\/wp-json\/wp\/v2\/pages\/407\/revisions\/1365"}],"wp:attachment":[{"href":"https:\/\/letraweb.org\/en\/wp-json\/wp\/v2\/media?parent=407"}],"curies":[{"name":"wp","href":"https:\/\/api.w.org\/{rel}","templated":true}]}}